{"id":2179,"date":"2017-04-05T09:23:43","date_gmt":"2017-04-05T09:23:43","guid":{"rendered":"http:\/\/www.power-thyristor.com\/?page_id=2179\/"},"modified":"2017-04-06T08:09:22","modified_gmt":"2017-04-06T08:09:22","slug":"hakkimizda","status":"publish","type":"page","link":"https:\/\/www.power-thyristor.com\/tr\/hakkimizda\/","title":{"rendered":"Hakk\u0131m\u0131zda"},"content":{"rendered":"<p>Profesyonel g\u00fc\u00e7 elektroni\u011fi \u00fcreticilerinden biri olarak .JING LI G\u00fc\u00e7 Elektroni\u011fi Ltd \u00c7in&#8217;in ilk ba\u011f\u0131ms\u0131z ara\u015ft\u0131rma-geli\u015ftirme ve ihracat yar\u0131 iletken cihazlar\u0131 \u015firketidir. Ayr\u0131ca, China.Since&#8217;deki en b\u00fcy\u00fck kaynak diyot \u00fcretim \u00fcss\u00fc olan kurulu\u015fundan bu yana JING LI G\u00fc\u00e7 Elektroni\u011fi D\u00fcnyan\u0131n her yerindeki m\u00fc\u015fteriler i\u00e7in y\u00fcksek kaliteli g\u00fc\u00e7 yar\u0131 iletken cihaz \u00fcretmek ve satmak i\u00e7in ayr\u0131lm\u0131\u015ft\u0131r.<\/p>\n<p>JING LI G\u00fc\u00e7 Elektronik Co, Ltd 2001 y\u0131l\u0131nda, fabrika 20.000 &#8216;den fazla metrekare meters.have 300 + teknoloji ara\u015ft\u0131rma geli\u015ftirme ve \u00fcretim kadrosu kapsayan bir alana kurulmu\u015ftur. Biz ISO9001 ge\u00e7ti: 2008 kalite y\u00f6netim sistemi certification.Products ulusal end\u00fcstriyel \u00fcretim permit.And eri\u015fim yar\u0131 iletken cihaz \u00fczerinde patent sertifikalar\u0131 bir s\u00fcr\u00fc var.<\/p>\n<p>Ba\u015fl\u0131ca \u00fcr\u00fcnlerimiz \u015funlard\u0131r: Trist\u00f6r, SCR trist\u00f6r, Faz kontrol tiristor, H\u0131zl\u0131 trist\u00f6r, Y\u00fcksek frekans trist\u00f6r, Do\u011frultucu diyot, H\u0131zl\u0131 kurtarma diyot, kaynak diyot, g\u00fc\u00e7 mod\u00fclleri, trist\u00f6r mod\u00fcl\u00fc, diyot mod\u00fcl\u00fc, k\u00f6pr\u00fc do\u011frultucu (tek fazl\u0131 do\u011frultucu ve 3 fazl\u0131 do\u011frultucu ), Saplama tirist\u00f6r\u00fc ve Stud diod, Kaps\u00fcl tirist\u00f6r (Disk trist\u00f6r), SCR tirist\u00f6r bile\u015fenleri, SCR tertibatlar\u0131, so\u011futucular.<\/p>\n<p>\u00d6zellikle \u00fcr\u00fcnlerimiz y\u00fcksek gerilim tiristor, y\u00fcksek g\u00fc\u00e7 tiristor ve h\u0131zl\u0131 trist\u00f6r, kaynak diyodu, g\u00fc\u00e7 diode.They d\u00fcnyaca \u00fcnl\u00fc marka kalite derecesi elde edebilirsiniz ama fiyat \u00e7ok rekabet\u00e7i kaliteli var.<\/p>\n<p>JING LI G\u00fc\u00e7 Electronic Co, Ltd bir teknoloji, kalifiye, sald\u0131rgan ve yenilik\u00e7i ara\u015ft\u0131rma ve geli\u015ftirme ekibi ve &#8220;bilimsel kalite, hizmet agl\u00fctinasyon g\u00fcc\u00fc&#8221; geli\u015ftirmek yenilik\u00e7i fikirlere ba\u011fl\u0131 kalarak olmu\u015ftur.<\/p>\n<p>JING LI Electric Co, Ltd ba\u011f\u0131ms\u0131z olarak KK4500A-3000V h\u0131zl\u0131 Trist\u00f6rler, 8000V trist\u00f6r, 8500V do\u011frultucu diyot, 13500A kaynak diyodu geli\u015ftiren ilk kurulu\u015ftur. Ana teknik g\u00f6stergeler ile, uluslararas\u0131 benzer \u00fcr\u00fcnler d\u00fczeyine ula\u015ft\u0131, i\u00e7 bo\u015flu\u011fu doldurmak. \u015eirket, \u00c7in G\u00fc\u00e7 Elektroni\u011fi Birli\u011fi&#8217;nin \u00fcye birimi olup, Derne\u011fin ileri \u00fcyelerinin onursal unvan\u0131 kazanm\u0131\u015ft\u0131r.<\/p>\n<p>JING LI G\u00fc\u00e7 Elektroni\u011fi Ltd tam bir aral\u0131k ile m\u00fc\u015fterilerine sunabilmek i\u00e7in &#8220;yenilik yoluyla geli\u015ftirme te\u015fvik, y\u00f6netim yoluyla etkinlik pe\u015finde, kalite ile, b\u00fct\u00fcnl\u00fck i\u00e7inde \u00e7al\u0131\u015fan pazarlar kazanmak&#8221; ilkelerine ba\u011fl\u0131 kalarak verimli bir m\u00fc\u015fteri hizmetleri sistemi kurmu\u015ftur. Kazan-kazan i\u015fbirli\u011fi felsefesini s\u00fcrd\u00fcrerek hizmetlerin ve en uygun maliyetli \u00fcr\u00fcnlerin sunumunu yapmak ve m\u00fc\u015fterileri ile yeni bir s\u0131\u00e7rama yaratmak i\u00e7in \u00e7al\u0131\u015fmakt\u0131r.<\/p>\n<p>JING LI Power Electronic Co, Ltd Hedef: D\u00fcnyan\u0131n en iyi g\u00fc\u00e7 elektroni\u011fi tedarik\u00e7isi olmak.<\/p>\n<p>&nbsp;<\/p>\n<p><a href=\"http:\/\/www.power-thyristor.com\/wp-content\/uploads\/2016\/10\/thyristor-factory.jpg\"><img loading=\"lazy\" class=\"size-full wp-image-2181\" src=\"http:\/\/www.power-thyristor.com\/wp-content\/uploads\/2016\/10\/thyristor-factory.jpg\" alt=\"\" width=\"725\" height=\"570\" srcset=\"https:\/\/www.power-thyristor.com\/wp-content\/uploads\/2016\/10\/thyristor-factory.jpg 725w, https:\/\/www.power-thyristor.com\/wp-content\/uploads\/2016\/10\/thyristor-factory-300x236.jpg 300w, https:\/\/www.power-thyristor.com\/wp-content\/uploads\/2016\/10\/thyristor-factory-400x314.jpg 400w\" sizes=\"(max-width: 725px) 100vw, 725px\" \/><\/a><\/p>\n<p>&nbsp;<\/p>\n<p>&nbsp;<\/p>\n<p>&nbsp;<\/p>\n","protected":false},"excerpt":{"rendered":"<p>Profesyonel g\u00fc\u00e7 elektroni\u011fi \u00fcreticilerinden biri olarak .JING LI G\u00fc\u00e7 Elektroni\u011fi Ltd \u00c7in&#8217;in ilk ba\u011f\u0131ms\u0131z ara\u015ft\u0131rma-geli\u015ftirme ve ihracat yar\u0131 iletken cihazlar\u0131 \u015firketidir. Ayr\u0131ca, China.Since&#8217;deki en b\u00fcy\u00fck kaynak diyot \u00fcretim \u00fcss\u00fc olan kurulu\u015fundan bu yana JING LI G\u00fc\u00e7 Elektroni\u011fi D\u00fcnyan\u0131n her yerindeki m\u00fc\u015fteriler i\u00e7in y\u00fcksek kaliteli g\u00fc\u00e7 yar\u0131 iletken cihaz \u00fcretmek ve satmak i\u00e7in ayr\u0131lm\u0131\u015ft\u0131r. JING LI G\u00fc\u00e7 Elektronik Co, Ltd 2001<\/p>\n","protected":false},"author":1,"featured_media":0,"parent":0,"menu_order":0,"comment_status":"open","ping_status":"open","template":"","meta":[],"_links":{"self":[{"href":"https:\/\/www.power-thyristor.com\/tr\/wp-json\/wp\/v2\/pages\/2179"}],"collection":[{"href":"https:\/\/www.power-thyristor.com\/tr\/wp-json\/wp\/v2\/pages"}],"about":[{"href":"https:\/\/www.power-thyristor.com\/tr\/wp-json\/wp\/v2\/types\/page"}],"author":[{"embeddable":true,"href":"https:\/\/www.power-thyristor.com\/tr\/wp-json\/wp\/v2\/users\/1"}],"replies":[{"embeddable":true,"href":"https:\/\/www.power-thyristor.com\/tr\/wp-json\/wp\/v2\/comments?post=2179"}],"version-history":[{"count":3,"href":"https:\/\/www.power-thyristor.com\/tr\/wp-json\/wp\/v2\/pages\/2179\/revisions"}],"predecessor-version":[{"id":2189,"href":"https:\/\/www.power-thyristor.com\/tr\/wp-json\/wp\/v2\/pages\/2179\/revisions\/2189"}],"wp:attachment":[{"href":"https:\/\/www.power-thyristor.com\/tr\/wp-json\/wp\/v2\/media?parent=2179"}],"curies":[{"name":"wp","href":"https:\/\/api.w.org\/{rel}","templated":true}]}}