{"id":2193,"date":"2017-04-08T01:48:20","date_gmt":"2017-04-08T01:48:20","guid":{"rendered":"http:\/\/www.power-thyristor.com\/?page_id=2193\/"},"modified":"2017-05-08T07:24:34","modified_gmt":"2017-05-08T07:24:34","slug":"iletisim","status":"publish","type":"page","link":"https:\/\/www.power-thyristor.com\/pt-pt\/iletisim\/","title":{"rendered":"\u0130leti\u015fim"},"content":{"rendered":"<p>JING LI G\u00fc\u00e7 Elektroni\u011fi A.\u015e., Ltd<\/p>\n<p>Address:No.198,Shiying Street,Guta Dist.Jinzhou,China<\/p>\n<p>Sat\u0131\u015f Departman\u0131:<\/p>\n<p>E-posta: power_semi@yahoo.com<\/p>\n<p>Skype: peter.cui3<\/p>\n<p>&nbsp;<\/p>\n<div role=\"form\" class=\"wpcf7\" id=\"wpcf7-f444-o1\" lang=\"zh-CN\" dir=\"ltr\">\n<div class=\"screen-reader-response\"><\/div>\n<form action=\"\/pt-pt\/wp-json\/wp\/v2\/pages\/2193#wpcf7-f444-o1\" method=\"post\" class=\"wpcf7-form\" novalidate=\"novalidate\">\n<div style=\"display: none;\">\n<input type=\"hidden\" name=\"_wpcf7\" value=\"444\" \/>\n<input type=\"hidden\" name=\"_wpcf7_version\" value=\"4.8.1\" \/>\n<input type=\"hidden\" name=\"_wpcf7_locale\" value=\"zh_CN\" \/>\n<input type=\"hidden\" name=\"_wpcf7_unit_tag\" value=\"wpcf7-f444-o1\" \/>\n<input type=\"hidden\" name=\"_wpcf7_container_post\" value=\"0\" \/>\n<input type=\"hidden\" name=\"_wpcf7_nonce\" value=\"3d3e233e0c\" \/>\n<\/div>\n<p><label> Your Name \uff08Required\uff09<br \/>\n    <span class=\"wpcf7-form-control-wrap your-name\"><input type=\"text\" name=\"your-name\" value=\"\" size=\"40\" class=\"wpcf7-form-control wpcf7-text wpcf7-validates-as-required\" aria-required=\"true\" aria-invalid=\"false\" \/><\/span> <\/label><\/p>\n<p><label> Your Email \uff08Required\uff09<br \/>\n    <span class=\"wpcf7-form-control-wrap your-email\"><input type=\"email\" name=\"your-email\" value=\"\" size=\"40\" class=\"wpcf7-form-control wpcf7-text wpcf7-email wpcf7-validates-as-required wpcf7-validates-as-email\" aria-required=\"true\" aria-invalid=\"false\" \/><\/span> <\/label><\/p>\n<p><label> Your Subject<br \/>\n    <span class=\"wpcf7-form-control-wrap your-subject\"><input type=\"text\" name=\"your-subject\" value=\"\" size=\"40\" class=\"wpcf7-form-control wpcf7-text\" aria-invalid=\"false\" \/><\/span> <\/label><\/p>\n<p><label> Your Message<br \/>\n    <span class=\"wpcf7-form-control-wrap your-message\"><textarea name=\"your-message\" cols=\"40\" rows=\"10\" class=\"wpcf7-form-control wpcf7-textarea\" aria-invalid=\"false\"><\/textarea><\/span> <\/label><\/p>\n<p><input type=\"submit\" value=\"Send\" class=\"wpcf7-form-control wpcf7-submit\" \/><\/p>\n<p style=\"display: none !important;\"><label>&#916;<textarea name=\"_wpcf7_ak_hp_textarea\" cols=\"45\" rows=\"8\" maxlength=\"100\"><\/textarea><\/label><input type=\"hidden\" id=\"ak_js_1\" name=\"_wpcf7_ak_js\" value=\"65\"\/><script>document.getElementById( \"ak_js_1\" ).setAttribute( \"value\", ( new Date() ).getTime() );<\/script><\/p><div class=\"wpcf7-response-output wpcf7-display-none\"><\/div><\/form><\/div>\n<p>&nbsp;<\/p>\n<p>&nbsp;<\/p>\n<p>&nbsp;<\/p>\n<p>&nbsp;<\/p>\n<p>&nbsp;<\/p>\n","protected":false},"excerpt":{"rendered":"<p>JING LI G\u00fc\u00e7 Elektroni\u011fi A.\u015e., Ltd Address:No.198,Shiying Street,Guta Dist.Jinzhou,China Sat\u0131\u015f Departman\u0131: E-posta: power_semi@yahoo.com Skype: peter.cui3 &nbsp; &nbsp; &nbsp; &nbsp; &nbsp; &nbsp;<\/p>\n","protected":false},"author":1,"featured_media":0,"parent":0,"menu_order":0,"comment_status":"closed","ping_status":"closed","template":"","meta":[],"_links":{"self":[{"href":"https:\/\/www.power-thyristor.com\/pt-pt\/wp-json\/wp\/v2\/pages\/2193"}],"collection":[{"href":"https:\/\/www.power-thyristor.com\/pt-pt\/wp-json\/wp\/v2\/pages"}],"about":[{"href":"https:\/\/www.power-thyristor.com\/pt-pt\/wp-json\/wp\/v2\/types\/page"}],"author":[{"embeddable":true,"href":"https:\/\/www.power-thyristor.com\/pt-pt\/wp-json\/wp\/v2\/users\/1"}],"replies":[{"embeddable":true,"href":"https:\/\/www.power-thyristor.com\/pt-pt\/wp-json\/wp\/v2\/comments?post=2193"}],"version-history":[{"count":2,"href":"https:\/\/www.power-thyristor.com\/pt-pt\/wp-json\/wp\/v2\/pages\/2193\/revisions"}],"predecessor-version":[{"id":2278,"href":"https:\/\/www.power-thyristor.com\/pt-pt\/wp-json\/wp\/v2\/pages\/2193\/revisions\/2278"}],"wp:attachment":[{"href":"https:\/\/www.power-thyristor.com\/pt-pt\/wp-json\/wp\/v2\/media?parent=2193"}],"curies":[{"name":"wp","href":"https:\/\/api.w.org\/{rel}","templated":true}]}}