{"id":581,"date":"2016-10-20T02:03:40","date_gmt":"2016-10-20T02:03:40","guid":{"rendered":"http:\/\/www.power-thyristor.com\/?page_id=581&#038;lang=de"},"modified":"2016-10-20T02:03:40","modified_gmt":"2016-10-20T02:03:40","slug":"schnelle-thyristoren","status":"publish","type":"page","link":"https:\/\/www.power-thyristor.com\/de\/schnelle-thyristoren\/","title":{"rendered":"Schnelle Thyristoren"},"content":{"rendered":"<p>Unsere schnellen Thyristoren geh\u00f6ren Standard schnell schaltenden Thyristor und Mittelfrequenz schnelle Thyristor.Along mit Anwendung von Hochfrequenz-Ger\u00e4te, ben\u00f6tigen schnelle Thyristoren niedrigere tq-Werte.Unsere schnelle Thyristoren optimiert tq Werte, um diese Anforderungen zu erf\u00fcllen.<\/p>\n<p>&nbsp;<\/p>\n<p>Produkt-Eigenschaften:<\/p>\n<p>&nbsp;<\/p>\n<p>1, sehr kurze Einschalt- und Abschaltzeit<\/p>\n<p>2, Gro\u00dfe kritische Raten der aktuellen Steigerung<\/p>\n<p>2, hohe Sto\u00dfstromst\u00e4rken<\/p>\n<p>3, breiter Betriebstemperaturbereich<\/p>\n<p>&nbsp;<\/p>\n<p>Typische Anwendungen:<\/p>\n<p>&nbsp;<\/p>\n<p>1, Induktive Heizungsumrichter<\/p>\n<p>2, DC-Chopper-Antriebe<\/p>\n<p>3, USV<\/p>\n<p>4, Pulsleistung<\/p>\n<p>5, Andere schnelle schaltende Anwendungen.<\/p>\n<p>&nbsp;<\/p>\n<p>Produktliste:<\/p>\n<p><a href=\"http:\/\/www.power-thyristor.com\/wp-content\/uploads\/2016\/10\/KK-fast-thyristor-product-list.jpg\"><img loading=\"lazy\" class=\"alignleft size-full wp-image-365\" src=\"http:\/\/www.power-thyristor.com\/wp-content\/uploads\/2016\/10\/KK-fast-thyristor-product-list.jpg\" sizes=\"(max-width: 779px) 100vw, 779px\" srcset=\"http:\/\/www.power-thyristor.com\/wp-content\/uploads\/2016\/10\/KK-fast-thyristor-product-list.jpg 779w, http:\/\/www.power-thyristor.com\/wp-content\/uploads\/2016\/10\/KK-fast-thyristor-product-list-300x209.jpg 300w, http:\/\/www.power-thyristor.com\/wp-content\/uploads\/2016\/10\/KK-fast-thyristor-product-list-768x536.jpg 768w\" alt=\"kk-fast-thyristor-product-list\" width=\"779\" height=\"544\" \/><\/a><a href=\"http:\/\/www.power-thyristor.com\/wp-content\/uploads\/2016\/10\/fast-thyristor-product-list-1.jpg\"><img loading=\"lazy\" class=\"alignleft size-full wp-image-366\" src=\"http:\/\/www.power-thyristor.com\/wp-content\/uploads\/2016\/10\/fast-thyristor-product-list-1.jpg\" sizes=\"(max-width: 779px) 100vw, 779px\" srcset=\"http:\/\/www.power-thyristor.com\/wp-content\/uploads\/2016\/10\/fast-thyristor-product-list-1.jpg 779w, http:\/\/www.power-thyristor.com\/wp-content\/uploads\/2016\/10\/fast-thyristor-product-list-1-300x130.jpg 300w, http:\/\/www.power-thyristor.com\/wp-content\/uploads\/2016\/10\/fast-thyristor-product-list-1-768x332.jpg 768w\" alt=\"fast-thyristor-product-list-1\" width=\"779\" height=\"337\" \/><\/a><\/p>\n<p>Schnelle Thyristorumrisse Gr\u00f6\u00dfenzeichnung:<\/p>\n<p><a href=\"http:\/\/www.power-thyristor.com\/wp-content\/uploads\/2016\/10\/fast-thyristor-outline-size-drawing-1.jpg\"><img loading=\"lazy\" class=\"size-full wp-image-336\" src=\"http:\/\/www.power-thyristor.com\/wp-content\/uploads\/2016\/10\/fast-thyristor-outline-size-drawing-1.jpg\" sizes=\"(max-width: 775px) 100vw, 775px\" srcset=\"http:\/\/www.power-thyristor.com\/wp-content\/uploads\/2016\/10\/fast-thyristor-outline-size-drawing-1.jpg 775w, http:\/\/www.power-thyristor.com\/wp-content\/uploads\/2016\/10\/fast-thyristor-outline-size-drawing-1-300x222.jpg 300w, http:\/\/www.power-thyristor.com\/wp-content\/uploads\/2016\/10\/fast-thyristor-outline-size-drawing-1-768x569.jpg 768w\" alt=\"fast-thyristor-outline-size-drawing\" width=\"775\" height=\"574\" \/><\/a><\/p>\n<p><a href=\"http:\/\/www.power-thyristor.com\/wp-content\/uploads\/2016\/10\/fast-thyristor-outline-size-drawing-2.jpg\"><img loading=\"lazy\" class=\"size-full wp-image-337\" src=\"http:\/\/www.power-thyristor.com\/wp-content\/uploads\/2016\/10\/fast-thyristor-outline-size-drawing-2.jpg\" sizes=\"(max-width: 765px) 100vw, 765px\" srcset=\"http:\/\/www.power-thyristor.com\/wp-content\/uploads\/2016\/10\/fast-thyristor-outline-size-drawing-2.jpg 765w, http:\/\/www.power-thyristor.com\/wp-content\/uploads\/2016\/10\/fast-thyristor-outline-size-drawing-2-300x241.jpg 300w\" alt=\"fast-thyristor-outline-size-drawing\" width=\"765\" height=\"614\" \/><\/a><\/p>\n","protected":false},"excerpt":{"rendered":"<p>Unsere schnellen Thyristoren geh\u00f6ren Standard schnell schaltenden Thyristor und Mittelfrequenz schnelle Thyristor.Along mit Anwendung von Hochfrequenz-Ger\u00e4te, ben\u00f6tigen schnelle Thyristoren niedrigere tq-Werte.Unsere schnelle Thyristoren optimiert tq Werte, um diese Anforderungen zu erf\u00fcllen. &nbsp; Produkt-Eigenschaften: &nbsp; 1, sehr kurze Einschalt- und Abschaltzeit 2, Gro\u00dfe kritische Raten der aktuellen Steigerung 2, hohe Sto\u00dfstromst\u00e4rken 3, breiter Betriebstemperaturbereich &nbsp; Typische Anwendungen: &nbsp; 1, Induktive Heizungsumrichter<\/p>\n","protected":false},"author":1,"featured_media":0,"parent":0,"menu_order":0,"comment_status":"closed","ping_status":"closed","template":"template-fullwidth.php","meta":[],"_links":{"self":[{"href":"https:\/\/www.power-thyristor.com\/de\/wp-json\/wp\/v2\/pages\/581"}],"collection":[{"href":"https:\/\/www.power-thyristor.com\/de\/wp-json\/wp\/v2\/pages"}],"about":[{"href":"https:\/\/www.power-thyristor.com\/de\/wp-json\/wp\/v2\/types\/page"}],"author":[{"embeddable":true,"href":"https:\/\/www.power-thyristor.com\/de\/wp-json\/wp\/v2\/users\/1"}],"replies":[{"embeddable":true,"href":"https:\/\/www.power-thyristor.com\/de\/wp-json\/wp\/v2\/comments?post=581"}],"version-history":[{"count":1,"href":"https:\/\/www.power-thyristor.com\/de\/wp-json\/wp\/v2\/pages\/581\/revisions"}],"predecessor-version":[{"id":582,"href":"https:\/\/www.power-thyristor.com\/de\/wp-json\/wp\/v2\/pages\/581\/revisions\/582"}],"wp:attachment":[{"href":"https:\/\/www.power-thyristor.com\/de\/wp-json\/wp\/v2\/media?parent=581"}],"curies":[{"name":"wp","href":"https:\/\/api.w.org\/{rel}","templated":true}]}}