{"id":569,"date":"2016-10-20T01:31:28","date_gmt":"2016-10-20T01:31:28","guid":{"rendered":"http:\/\/www.power-thyristor.com\/?page_id=569&#038;lang=de"},"modified":"2016-10-20T01:31:28","modified_gmt":"2016-10-20T01:31:28","slug":"fabrik","status":"publish","type":"page","link":"https:\/\/www.power-thyristor.com\/de\/fabrik\/","title":{"rendered":"Fabrik"},"content":{"rendered":"<div>Fabrik Tor<\/div>\n<div><\/div>\n<p><img src=\"http:\/\/www.r-switch.com\/upload\/20169620182170154.jpg\" alt=\"\" border=\"0\" \/><\/p>\n<p>&nbsp;<\/p>\n<p>Complex R &amp; D Building<\/p>\n<p>F &amp; E-Geb\u00e4ude<\/p>\n<p><img src=\"http:\/\/www.r-switch.com\/upload\/201696214434010226.jpg\" alt=\"\" border=\"0\" \/><\/p>\n<p>&nbsp;<\/p>\n<p>Werkstatt Korridor<\/p>\n<p><img src=\"http:\/\/www.r-switch.com\/upload\/20169621559640033.jpg\" alt=\"\" border=\"0\" \/><\/p>\n<p>&nbsp;<\/p>\n<p>Produktionsausr\u00fcstung<\/p>\n<p>&nbsp;<\/p>\n<p><img src=\"http:\/\/www.r-switch.com\/upload\/201696217437407748.jpg\" alt=\"\" border=\"0\" \/><\/p>\n<p>&nbsp;<\/p>\n<p><img src=\"http:\/\/www.r-switch.com\/upload\/201696218166226581.jpg\" alt=\"\" border=\"0\" \/><\/p>\n<p>&nbsp;<\/p>\n<p><img src=\"http:\/\/www.r-switch.com\/upload\/201696218532512652.jpg\" alt=\"\" border=\"0\" \/><\/p>\n<p><img src=\"http:\/\/www.r-switch.com\/upload\/201696219421016314.jpg\" alt=\"\" border=\"0\" \/><\/p>\n<p>&nbsp;<\/p>\n<p><img src=\"http:\/\/www.r-switch.com\/upload\/201696220151172732.jpg\" alt=\"\" border=\"0\" \/><\/p>\n<p>&nbsp;<\/p>\n<p>Test Ausr\u00fcstung<\/p>\n<p>&nbsp;<\/p>\n<p><img src=\"http:\/\/www.r-switch.com\/upload\/201696222217877276.jpg\" alt=\"\" border=\"0\" \/><\/p>\n<p><img src=\"http:\/\/www.r-switch.com\/upload\/201696223561299212.jpg\" alt=\"\" border=\"0\" \/><\/p>\n","protected":false},"excerpt":{"rendered":"<p>Fabrik Tor &nbsp; Complex R &amp; D Building F &amp; E-Geb\u00e4ude &nbsp; Werkstatt Korridor &nbsp; Produktionsausr\u00fcstung &nbsp; &nbsp; &nbsp; &nbsp; &nbsp; Test Ausr\u00fcstung &nbsp;<\/p>\n","protected":false},"author":1,"featured_media":0,"parent":0,"menu_order":0,"comment_status":"closed","ping_status":"closed","template":"","meta":[],"_links":{"self":[{"href":"https:\/\/www.power-thyristor.com\/de\/wp-json\/wp\/v2\/pages\/569"}],"collection":[{"href":"https:\/\/www.power-thyristor.com\/de\/wp-json\/wp\/v2\/pages"}],"about":[{"href":"https:\/\/www.power-thyristor.com\/de\/wp-json\/wp\/v2\/types\/page"}],"author":[{"embeddable":true,"href":"https:\/\/www.power-thyristor.com\/de\/wp-json\/wp\/v2\/users\/1"}],"replies":[{"embeddable":true,"href":"https:\/\/www.power-thyristor.com\/de\/wp-json\/wp\/v2\/comments?post=569"}],"version-history":[{"count":1,"href":"https:\/\/www.power-thyristor.com\/de\/wp-json\/wp\/v2\/pages\/569\/revisions"}],"predecessor-version":[{"id":570,"href":"https:\/\/www.power-thyristor.com\/de\/wp-json\/wp\/v2\/pages\/569\/revisions\/570"}],"wp:attachment":[{"href":"https:\/\/www.power-thyristor.com\/de\/wp-json\/wp\/v2\/media?parent=569"}],"curies":[{"name":"wp","href":"https:\/\/api.w.org\/{rel}","templated":true}]}}