{"id":534,"date":"2016-10-19T03:56:35","date_gmt":"2016-10-19T03:56:35","guid":{"rendered":"http:\/\/www.power-thyristor.com\/?page_id=534&#038;lang=de"},"modified":"2016-10-19T13:34:26","modified_gmt":"2016-10-19T13:34:26","slug":"ueber-uns","status":"publish","type":"page","link":"https:\/\/www.power-thyristor.com\/de\/ueber-uns\/","title":{"rendered":"\u00dcber uns"},"content":{"rendered":"<p><span title=\"As one of the professional manufacturers of power semiconductor devices and silicon rectifier equipment production enterprise.JINLI Power Electronic Co.,Ltd is Chinese first independent research &amp; development and export semiconductor devices.We are also the largest welding diode production base in China.Since its\">Als einer der professionellen Hersteller von Leistungshalbleiterbauelemente und Silizium-Gleichrichter Ausr\u00fcstung Produktion enterprise.JINLI Power Electronic Co., Ltd ist Chinesisch erste unabh\u00e4ngige Forschung und Entwicklung und Export Halbleiter devices.We sind auch die gr\u00f6\u00dfte Schwei\u00dfdiode Produktion in China.Since seine <\/span><span title=\"establishment,has been devoted to provide high quality power semiconductors for customers in the world. \">Etablierung, wurde gewidmet, um qualitativ hochwertige Leistungshalbleiter f\u00fcr Kunden in der Welt bieten.<\/span><\/p>\n<p><span title=\"JINLI Power Electronic Co., Ltd. was established in 2001, located in Liaoning Province of China, covering an area of over 20,000 square meters.have 300+ technology research development and production staff.\">JINLI Power Electronic Co., Ltd wurde im Jahr 2001 gegr\u00fcndet, befindet sich in der Provinz Liaoning in China, hat eine Fl\u00e4che von mehr als 20.000 Quadrat meters.have 300+ Technologie Forschung, Entwicklung und Produktion Personal abdeckt. <\/span><span title=\"We have passed the ISO9001:2008 quality management system certification.Products have access to the national industrial production permit.And get a lot of patent certificates. \">Wir haben die ISO9001: 2008 Qualit\u00e4tsmanagement-System certification.Products Zugang zum nationalen Industrieproduktion haben permit.And viele Patent-Zertifikate erhalten.<\/span><\/p>\n<p><span title=\"Our main products include:Capsule thyristor,Phase control thyristor,Fast thyristor,Standard rectifier diode,Fast recovery diode,welding diode,power modules,bridge rectifier,Stud type thyristor &amp; diode,SCR thyristor components,SCR assemblies,heatsinks.Specially we have\">Unsere wichtigsten Produkte sind: Kapsel Thyristor, Phasensteuerung Thyristor, Fast-Thyristor, Standard Gleichrichter-Dioden, Fast Recovery Diode, Schwei\u00df Diode, Power-Module, Br\u00fcckengleichrichter, Bolzenart Thyristor &amp; Diode, SCR Thyristor Komponenten, SCR Baugruppen, heatsinks.Specially wir haben <\/span><span title=\"good quality on high voltage high power thyristor and fast thyristor,welding diode,power diode.They can achieve world famous brand's quality grade but price is very competitive. \">gute Qualit\u00e4t auf Hochspannungs-Hochleistungs Thyristor und schnellen Thyristor, Schwei\u00dfdiode kann der Energie diode.They weltbekannte Marke Qualit\u00e4tsgrad erreichen, aber der Preis ist sehr wettbewerbsf\u00e4hig.<\/span><\/p>\n<p><span title=\"JINLI Power Electronic Co., Ltd. has a technology-skilled, aggressive and innovative research and development team, and has been adhering to the innovative ideas of \u201c scientific improve quality, service agglutination strength\u201d.\">JINLI Power Electronic Co., Ltd ist eine Technologie-qualifizierte, aggressive und innovative Forschungs- und Entwicklungsteam und ist auf die innovativen Ideen der &#8222;wissenschaftlichen Verbesserung der Qualit\u00e4t, Service Agglutination St\u00e4rke&#8220; folgte eine Politik. <\/span><span title=\"Jinli Power Electric Co., Ltd. is the first enterprise that has independently developed KK4500A-3000V fast Thyristors, Thyristor voltage can upto 8000V,rectifier diode upto 8500V.with the main technical indicators reached the level of international similar products, to fill the domestic\">Jinli Electric Power Co., Ltd ist das erste Unternehmen, das KK4500A-3000V schnell Thyristoren unabh\u00e4ngig entwickelt hat, kann Thyristor Spannung bis zu 8000V, Gleichrichter-Dioden bis 8500V.with die wichtigsten technischen Indikatoren, die die Ebene der internationalen \u00e4hnlichen Produkten erreicht, f\u00fcllen den heimischen <\/span><span title=\"gap.\">Spalt. <\/span><span title=\"The company is a member unit of China Power Electronics Association, and has won the honorary title of advanced member of the Association. \">Das Unternehmen ist ein Mitglied der China Power Electronics Association, und hat den Ehrentitel der erweiterten Mitglied der Vereinigung gewonnen.<\/span><\/p>\n<p><span title=\"Jinli Power Electronic Co., Ltd. has established a efficient customer service system by adhering to the principles of \u201cpromote development through innovation, pursue effectiveness through management, win markets with quality, operating on integrity\u201d, to provide customers with a full range of\">Jinli Power Electronic Co., Ltd hat einen effizienten Kundenservice-System etabliert, indem der &#8222;F\u00f6rderung der Entwicklung durch Innovation, verfolgen Wirksamkeit durch Management, gewinnen M\u00e4rkte mit Qualit\u00e4t, Integrit\u00e4t Betrieb&#8220; den Prinzipien haften, die Kunden mit einer vollst\u00e4ndigen Palette von zur Verf\u00fcgung zu stellen <\/span><span title=\"services and the best cost-effective products by persisting in the win-win cooperation philosophy, and strive to work with customers to create a new leap forward. \">Dienstleistungen und die besten kosteng\u00fcnstigen Produkte durch anhaltende in der Win-Win-Kooperationsphilosophie, und bem\u00fchen uns, mit Kunden zu arbeiten, um einen neuen Sprung nach vorn.<\/span><\/p>\n<p><span title=\"Goal of JINLI Power Electronic Co., Ltd. \u2013 To be the best supplier of power semiconductors in the world.\">Ziel von JINLI Power Electronic Co., Ltd &#8211; Um der beste Anbieter von Leistungshalbleitern in der Welt sein.<\/span><\/p>\n","protected":false},"excerpt":{"rendered":"<p>Als einer der professionellen Hersteller von Leistungshalbleiterbauelemente und Silizium-Gleichrichter Ausr\u00fcstung Produktion enterprise.JINLI Power Electronic Co., Ltd ist Chinesisch erste unabh\u00e4ngige Forschung und Entwicklung und Export Halbleiter devices.We sind auch die gr\u00f6\u00dfte Schwei\u00dfdiode Produktion in China.Since seine Etablierung, wurde gewidmet, um qualitativ hochwertige Leistungshalbleiter f\u00fcr Kunden in der Welt bieten. JINLI Power Electronic Co., Ltd wurde im Jahr 2001 gegr\u00fcndet, befindet<\/p>\n","protected":false},"author":1,"featured_media":0,"parent":0,"menu_order":0,"comment_status":"open","ping_status":"open","template":"","meta":[],"_links":{"self":[{"href":"https:\/\/www.power-thyristor.com\/de\/wp-json\/wp\/v2\/pages\/534"}],"collection":[{"href":"https:\/\/www.power-thyristor.com\/de\/wp-json\/wp\/v2\/pages"}],"about":[{"href":"https:\/\/www.power-thyristor.com\/de\/wp-json\/wp\/v2\/types\/page"}],"author":[{"embeddable":true,"href":"https:\/\/www.power-thyristor.com\/de\/wp-json\/wp\/v2\/users\/1"}],"replies":[{"embeddable":true,"href":"https:\/\/www.power-thyristor.com\/de\/wp-json\/wp\/v2\/comments?post=534"}],"version-history":[{"count":2,"href":"https:\/\/www.power-thyristor.com\/de\/wp-json\/wp\/v2\/pages\/534\/revisions"}],"predecessor-version":[{"id":552,"href":"https:\/\/www.power-thyristor.com\/de\/wp-json\/wp\/v2\/pages\/534\/revisions\/552"}],"wp:attachment":[{"href":"https:\/\/www.power-thyristor.com\/de\/wp-json\/wp\/v2\/media?parent=534"}],"curies":[{"name":"wp","href":"https:\/\/api.w.org\/{rel}","templated":true}]}}